{"id":12,"date":"2018-11-27T15:14:36","date_gmt":"2018-11-27T15:14:36","guid":{"rendered":"http:\/\/www.pmsafed.be\/?page_id=12"},"modified":"2020-02-23T19:23:53","modified_gmt":"2020-02-23T19:23:53","slug":"airmiles","status":"publish","type":"page","link":"https:\/\/www.pmsafed.be\/fr\/airmiles\/","title":{"rendered":"Miles a\u00e9riens"},"content":{"rendered":"<div data-elementor-type=\"wp-post\" data-elementor-id=\"12\" class=\"elementor elementor-12\">\n\t\t\t\t\t\t<section class=\"elementor-section elementor-top-section elementor-element elementor-element-10a1590 elementor-section-stretched elementor-section-boxed elementor-section-height-default elementor-section-height-default\" data-id=\"10a1590\" data-element_type=\"section\" data-settings=\"{&quot;stretch_section&quot;:&quot;section-stretched&quot;,&quot;background_background&quot;:&quot;classic&quot;}\">\n\t\t\t\t\t\t\t<div class=\"elementor-background-overlay\"><\/div>\n\t\t\t\t\t\t\t<div class=\"elementor-container elementor-column-gap-default\">\n\t\t\t\t\t<div class=\"elementor-column elementor-col-100 elementor-top-column elementor-element elementor-element-153fccc\" data-id=\"153fccc\" data-element_type=\"column\">\n\t\t\t<div class=\"elementor-widget-wrap elementor-element-populated\">\n\t\t\t\t\t\t<div class=\"elementor-element elementor-element-8878262 elementor-widget elementor-widget-heading\" data-id=\"8878262\" data-element_type=\"widget\" data-widget_type=\"heading.default\">\n\t\t\t\t<div class=\"elementor-widget-container\">\n\t\t\t\t\t<h2 class=\"elementor-heading-title elementor-size-default\">Programme de r\u00e9compense PMSA Air Miles<\/h2>\t\t\t\t<\/div>\n\t\t\t\t<\/div>\n\t\t\t\t\t<\/div>\n\t\t<\/div>\n\t\t\t\t\t<\/div>\n\t\t<\/section>\n\t\t\t\t<section class=\"elementor-section elementor-top-section elementor-element elementor-element-1892c57 elementor-section-stretched elementor-section-boxed elementor-section-height-default elementor-section-height-default\" data-id=\"1892c57\" data-element_type=\"section\" data-settings=\"{&quot;stretch_section&quot;:&quot;section-stretched&quot;}\">\n\t\t\t\t\t\t<div class=\"elementor-container elementor-column-gap-default\">\n\t\t\t\t\t<div class=\"elementor-column elementor-col-50 elementor-top-column elementor-element elementor-element-af0b4a0\" data-id=\"af0b4a0\" data-element_type=\"column\">\n\t\t\t<div class=\"elementor-widget-wrap elementor-element-populated\">\n\t\t\t\t\t\t<div class=\"elementor-element elementor-element-12af70a elementor-widget elementor-widget-heading\" data-id=\"12af70a\" data-element_type=\"widget\" data-widget_type=\"heading.default\">\n\t\t\t\t<div class=\"elementor-widget-container\">\n\t\t\t\t\t<h2 class=\"elementor-heading-title elementor-size-default\">Que sont les miles a\u00e9riens PMSA<\/h2>\t\t\t\t<\/div>\n\t\t\t\t<\/div>\n\t\t\t\t<div class=\"elementor-element elementor-element-80b7dfc elementor-widget elementor-widget-text-editor\" data-id=\"80b7dfc\" data-element_type=\"widget\" data-widget_type=\"text-editor.default\">\n\t\t\t\t<div class=\"elementor-widget-container\">\n\t\t\t\t\t\t\t\t\t<p>Les participants fid\u00e8les \u00e0 nos nombreuses r\u00e9unions sont r\u00e9compens\u00e9s par des miles a\u00e9riens.<br \/>D&#039;ailleurs, chaque pr\u00e9sence rapporte des points et vous concourez pour les trois prix principaux, ou peut-\u00eatre pour le prix principal et la coupe d\u00e9fi !<\/p><p>Essayez d&#039;\u00eatre l\u00e0 !<\/p>\t\t\t\t\t\t\t\t<\/div>\n\t\t\t\t<\/div>\n\t\t\t\t\t<\/div>\n\t\t<\/div>\n\t\t\t\t<div class=\"elementor-column elementor-col-50 elementor-top-column elementor-element elementor-element-81f3fed\" data-id=\"81f3fed\" data-element_type=\"column\">\n\t\t\t<div class=\"elementor-widget-wrap elementor-element-populated\">\n\t\t\t\t\t\t<div class=\"elementor-element elementor-element-6a05b1e elementor-widget elementor-widget-image\" data-id=\"6a05b1e\" data-element_type=\"widget\" data-widget_type=\"image.default\">\n\t\t\t\t<div class=\"elementor-widget-container\">\n\t\t\t\t\t\t\t\t\t\t\t\t\t\t\t<img fetchpriority=\"high\" decoding=\"async\" width=\"960\" height=\"640\" src=\"https:\/\/www.pmsafed.be\/wp-content\/uploads\/2018\/11\/Wisselbeker-airmiles.jpg\" class=\"attachment-large size-large wp-image-379\" alt=\"\" srcset=\"https:\/\/www.pmsafed.be\/wp-content\/uploads\/2018\/11\/Wisselbeker-airmiles.jpg 960w, https:\/\/www.pmsafed.be\/wp-content\/uploads\/2018\/11\/Wisselbeker-airmiles-300x200.jpg 300w, https:\/\/www.pmsafed.be\/wp-content\/uploads\/2018\/11\/Wisselbeker-airmiles-768x512.jpg 768w, https:\/\/www.pmsafed.be\/wp-content\/uploads\/2018\/11\/Wisselbeker-airmiles-600x400.jpg 600w\" sizes=\"(max-width: 960px) 100vw, 960px\" \/>\t\t\t\t\t\t\t\t\t\t\t\t\t\t\t<\/div>\n\t\t\t\t<\/div>\n\t\t\t\t<div class=\"elementor-element elementor-element-6698c82 elementor-widget elementor-widget-text-editor\" data-id=\"6698c82\" data-element_type=\"widget\" data-widget_type=\"text-editor.default\">\n\t\t\t\t<div class=\"elementor-widget-container\">\n\t\t\t\t\t\t\t\t\t<p>La coupe d&#039;\u00e9change de miles a\u00e9riens PMSA<\/p>\t\t\t\t\t\t\t\t<\/div>\n\t\t\t\t<\/div>\n\t\t\t\t\t<\/div>\n\t\t<\/div>\n\t\t\t\t\t<\/div>\n\t\t<\/section>\n\t\t\t\t<section class=\"elementor-section elementor-top-section elementor-element elementor-element-8e8fcac elementor-section-stretched elementor-section-boxed elementor-section-height-default elementor-section-height-default\" data-id=\"8e8fcac\" data-element_type=\"section\" data-settings=\"{&quot;stretch_section&quot;:&quot;section-stretched&quot;}\">\n\t\t\t\t\t\t<div class=\"elementor-container elementor-column-gap-default\">\n\t\t\t\t\t<div class=\"elementor-column elementor-col-100 elementor-top-column elementor-element elementor-element-4f8c177\" data-id=\"4f8c177\" data-element_type=\"column\">\n\t\t\t<div class=\"elementor-widget-wrap elementor-element-populated\">\n\t\t\t\t\t\t<div class=\"elementor-element elementor-element-90015d8 elementor-widget elementor-widget-heading\" data-id=\"90015d8\" data-element_type=\"widget\" data-widget_type=\"heading.default\">\n\t\t\t\t<div class=\"elementor-widget-container\">\n\t\t\t\t\t<h2 class=\"elementor-heading-title elementor-size-default\">Anciens gagnants<\/h2>\t\t\t\t<\/div>\n\t\t\t\t<\/div>\n\t\t\t\t\t<\/div>\n\t\t<\/div>\n\t\t\t\t\t<\/div>\n\t\t<\/section>\n\t\t\t\t<section class=\"elementor-section elementor-top-section elementor-element elementor-element-5ce3152 elementor-section-boxed elementor-section-height-default elementor-section-height-default\" data-id=\"5ce3152\" data-element_type=\"section\">\n\t\t\t\t\t\t<div class=\"elementor-container elementor-column-gap-default\">\n\t\t\t\t\t<div class=\"elementor-column elementor-col-50 elementor-top-column elementor-element elementor-element-03117a7\" data-id=\"03117a7\" data-element_type=\"column\">\n\t\t\t<div class=\"elementor-widget-wrap elementor-element-populated\">\n\t\t\t\t\t\t<div class=\"elementor-element elementor-element-c40522b elementor-widget elementor-widget-heading\" data-id=\"c40522b\" data-element_type=\"widget\" data-widget_type=\"heading.default\">\n\t\t\t\t<div class=\"elementor-widget-container\">\n\t\t\t\t\t<h2 class=\"elementor-heading-title elementor-size-default\">2019<\/h2>\t\t\t\t<\/div>\n\t\t\t\t<\/div>\n\t\t\t\t<div class=\"elementor-element elementor-element-15ea62d elementor-widget elementor-widget-text-editor\" data-id=\"15ea62d\" data-element_type=\"widget\" data-widget_type=\"text-editor.default\">\n\t\t\t\t<div class=\"elementor-widget-container\">\n\t\t\t\t\t\t\t\t\t<p>1er prix : Corten Patrick et Meyssen Stefan<br \/>2\u00e8me prix : Van Gerven Tony<br \/>3\u00e8me prix : Arickx Daniel<\/p><p>Un prix sp\u00e9cial a \u00e9t\u00e9 d\u00e9cern\u00e9 \u00e0 la personne qui a recherch\u00e9 notre \u00e9v\u00e9nement le plus \u00e9loign\u00e9 dans les airs : Xc Pilot De Kerpel Michel<\/p><p>Pour l&#039;ann\u00e9e 2020 ils cherchent d\u00e9j\u00e0 \u00e0 le surpasser, qui n&#039;ose pas, qui ne gagne pas......<\/p><p>F\u00e9licitations \u00e0 tous!<\/p><p>Le conseil d&#039;administration du PMSA<\/p>\t\t\t\t\t\t\t\t<\/div>\n\t\t\t\t<\/div>\n\t\t\t\t\t<\/div>\n\t\t<\/div>\n\t\t\t\t<div class=\"elementor-column elementor-col-50 elementor-top-column elementor-element elementor-element-ce56b66\" data-id=\"ce56b66\" data-element_type=\"column\">\n\t\t\t<div class=\"elementor-widget-wrap elementor-element-populated\">\n\t\t\t\t\t\t<div class=\"elementor-element elementor-element-16951f7 elementor-widget elementor-widget-image\" data-id=\"16951f7\" data-element_type=\"widget\" data-widget_type=\"image.default\">\n\t\t\t\t<div class=\"elementor-widget-container\">\n\t\t\t\t\t\t\t\t\t\t\t\t\t\t\t<img decoding=\"async\" width=\"1024\" height=\"954\" src=\"https:\/\/www.pmsafed.be\/wp-content\/uploads\/2020\/01\/IMG_20191214_185045-002-1024x954.jpg\" class=\"attachment-large size-large wp-image-1920\" alt=\"\" srcset=\"https:\/\/www.pmsafed.be\/wp-content\/uploads\/2020\/01\/IMG_20191214_185045-002-1024x954.jpg 1024w, https:\/\/www.pmsafed.be\/wp-content\/uploads\/2020\/01\/IMG_20191214_185045-002-300x279.jpg 300w, https:\/\/www.pmsafed.be\/wp-content\/uploads\/2020\/01\/IMG_20191214_185045-002-768x715.jpg 768w, https:\/\/www.pmsafed.be\/wp-content\/uploads\/2020\/01\/IMG_20191214_185045-002-1536x1431.jpg 1536w, https:\/\/www.pmsafed.be\/wp-content\/uploads\/2020\/01\/IMG_20191214_185045-002-2048x1908.jpg 2048w, https:\/\/www.pmsafed.be\/wp-content\/uploads\/2020\/01\/IMG_20191214_185045-002-600x559.jpg 600w\" sizes=\"(max-width: 1024px) 100vw, 1024px\" \/>\t\t\t\t\t\t\t\t\t\t\t\t\t\t\t<\/div>\n\t\t\t\t<\/div>\n\t\t\t\t\t<\/div>\n\t\t<\/div>\n\t\t\t\t\t<\/div>\n\t\t<\/section>\n\t\t\t\t<section class=\"elementor-section elementor-top-section elementor-element elementor-element-fe75ca7 elementor-section-boxed elementor-section-height-default elementor-section-height-default\" data-id=\"fe75ca7\" data-element_type=\"section\">\n\t\t\t\t\t\t<div class=\"elementor-container elementor-column-gap-default\">\n\t\t\t\t\t<div class=\"elementor-column elementor-col-50 elementor-top-column elementor-element elementor-element-6c54675\" data-id=\"6c54675\" data-element_type=\"column\">\n\t\t\t<div class=\"elementor-widget-wrap elementor-element-populated\">\n\t\t\t\t\t\t<div class=\"elementor-element elementor-element-05bc872 elementor-widget elementor-widget-heading\" data-id=\"05bc872\" data-element_type=\"widget\" data-widget_type=\"heading.default\">\n\t\t\t\t<div class=\"elementor-widget-container\">\n\t\t\t\t\t<h2 class=\"elementor-heading-title elementor-size-default\">2017<\/h2>\t\t\t\t<\/div>\n\t\t\t\t<\/div>\n\t\t\t\t<div class=\"elementor-element elementor-element-0651acd elementor-widget elementor-widget-text-editor\" data-id=\"0651acd\" data-element_type=\"widget\" data-widget_type=\"text-editor.default\">\n\t\t\t\t<div class=\"elementor-widget-container\">\n\t\t\t\t\t\t\t\t\t<p>1er prix : Michel De Kerpel<\/p>\t\t\t\t\t\t\t\t<\/div>\n\t\t\t\t<\/div>\n\t\t\t\t<div class=\"elementor-element elementor-element-8cd7051 elementor-widget elementor-widget-text-editor\" data-id=\"8cd7051\" data-element_type=\"widget\" data-widget_type=\"text-editor.default\">\n\t\t\t\t<div class=\"elementor-widget-container\">\n\t\t\t\t\t\t\t\t\t<p>2\u00e8me et 3\u00e8me prix : Nick de Clerck, Tony Van Gerven, Benoit Landtmeeters<\/p>\t\t\t\t\t\t\t\t<\/div>\n\t\t\t\t<\/div>\n\t\t\t\t\t<\/div>\n\t\t<\/div>\n\t\t\t\t<div class=\"elementor-column elementor-col-50 elementor-top-column elementor-element elementor-element-074a331\" data-id=\"074a331\" data-element_type=\"column\">\n\t\t\t<div class=\"elementor-widget-wrap elementor-element-populated\">\n\t\t\t\t\t\t<div class=\"elementor-element elementor-element-5e4677a elementor-widget elementor-widget-image\" data-id=\"5e4677a\" data-element_type=\"widget\" data-widget_type=\"image.default\">\n\t\t\t\t<div class=\"elementor-widget-container\">\n\t\t\t\t\t\t\t\t\t\t\t\t\t\t\t<img decoding=\"async\" width=\"538\" height=\"370\" src=\"https:\/\/www.pmsafed.be\/wp-content\/uploads\/2018\/11\/Winnaar-airmiles-2017.jpg\" class=\"attachment-large size-large wp-image-380\" alt=\"\" srcset=\"https:\/\/www.pmsafed.be\/wp-content\/uploads\/2018\/11\/Winnaar-airmiles-2017.jpg 538w, https:\/\/www.pmsafed.be\/wp-content\/uploads\/2018\/11\/Winnaar-airmiles-2017-300x206.jpg 300w\" sizes=\"(max-width: 538px) 100vw, 538px\" \/>\t\t\t\t\t\t\t\t\t\t\t\t\t\t\t<\/div>\n\t\t\t\t<\/div>\n\t\t\t\t\t<\/div>\n\t\t<\/div>\n\t\t\t\t\t<\/div>\n\t\t<\/section>\n\t\t\t\t<\/div>","protected":false},"excerpt":{"rendered":"<p>Programme de r\u00e9compense PMSA Airmiles Que sont les airmiles PMSA ? Les participants fid\u00e8les \u00e0 nos nombreuses r\u00e9unions sont r\u00e9compens\u00e9s par des airmiles, et vous concourez pour les trois prix principaux, ou peut-\u00eatre pour le prix principal et la coupe d\u00e9fi ! Essayez d&#039;\u00eatre l\u00e0 ! La PMSA air miles challenge cup Anciens gagnants 2019 1er prix : Corten Patrick [\u2026]<\/p>","protected":false},"author":7,"featured_media":0,"parent":0,"menu_order":0,"comment_status":"closed","ping_status":"closed","template":"","meta":{"_acf_changed":false,"_exactmetrics_skip_tracking":false,"_exactmetrics_sitenote_active":false,"_exactmetrics_sitenote_note":"","_exactmetrics_sitenote_category":0,"ocean_post_layout":"full-width","ocean_both_sidebars_style":"","ocean_both_sidebars_content_width":0,"ocean_both_sidebars_sidebars_width":0,"ocean_sidebar":"0","ocean_second_sidebar":"0","ocean_disable_margins":"on","ocean_add_body_class":"","ocean_shortcode_before_top_bar":"","ocean_shortcode_after_top_bar":"","ocean_shortcode_before_header":"","ocean_shortcode_after_header":"","ocean_has_shortcode":"","ocean_shortcode_after_title":"","ocean_shortcode_before_footer_widgets":"","ocean_shortcode_after_footer_widgets":"","ocean_shortcode_before_footer_bottom":"","ocean_shortcode_after_footer_bottom":"","ocean_display_top_bar":"off","ocean_display_header":"default","ocean_header_style":"","ocean_center_header_left_menu":"0","ocean_custom_header_template":"0","ocean_custom_logo":0,"ocean_custom_retina_logo":0,"ocean_custom_logo_max_width":0,"ocean_custom_logo_tablet_max_width":0,"ocean_custom_logo_mobile_max_width":0,"ocean_custom_logo_max_height":0,"ocean_custom_logo_tablet_max_height":0,"ocean_custom_logo_mobile_max_height":0,"ocean_header_custom_menu":"0","ocean_menu_typo_font_family":"0","ocean_menu_typo_font_subset":"","ocean_menu_typo_font_size":0,"ocean_menu_typo_font_size_tablet":0,"ocean_menu_typo_font_size_mobile":0,"ocean_menu_typo_font_size_unit":"px","ocean_menu_typo_font_weight":"","ocean_menu_typo_font_weight_tablet":"","ocean_menu_typo_font_weight_mobile":"","ocean_menu_typo_transform":"","ocean_menu_typo_transform_tablet":"","ocean_menu_typo_transform_mobile":"","ocean_menu_typo_line_height":0,"ocean_menu_typo_line_height_tablet":0,"ocean_menu_typo_line_height_mobile":0,"ocean_menu_typo_line_height_unit":"","ocean_menu_typo_spacing":0,"ocean_menu_typo_spacing_tablet":0,"ocean_menu_typo_spacing_mobile":0,"ocean_menu_typo_spacing_unit":"","ocean_menu_link_color":"","ocean_menu_link_color_hover":"","ocean_menu_link_color_active":"","ocean_menu_link_background":"","ocean_menu_link_hover_background":"","ocean_menu_link_active_background":"","ocean_menu_social_links_bg":"","ocean_menu_social_hover_links_bg":"","ocean_menu_social_links_color":"","ocean_menu_social_hover_links_color":"","ocean_disable_title":"on","ocean_disable_heading":"default","ocean_post_title":"","ocean_post_subheading":"","ocean_post_title_style":"","ocean_post_title_background_color":"","ocean_post_title_background":0,"ocean_post_title_bg_image_position":"","ocean_post_title_bg_image_attachment":"","ocean_post_title_bg_image_repeat":"","ocean_post_title_bg_image_size":"","ocean_post_title_height":0,"ocean_post_title_bg_overlay":0.5,"ocean_post_title_bg_overlay_color":"","ocean_disable_breadcrumbs":"off","ocean_breadcrumbs_color":"","ocean_breadcrumbs_separator_color":"","ocean_breadcrumbs_links_color":"","ocean_breadcrumbs_links_hover_color":"","ocean_display_footer_widgets":"default","ocean_display_footer_bottom":"default","ocean_custom_footer_template":"0","footnotes":""},"acf":[],"yoast_head":"<!-- This site is optimized with the Yoast SEO plugin v24.5 - https:\/\/yoast.com\/wordpress\/plugins\/seo\/ -->\n<title>Airmiles - PMSA<\/title>\n<meta name=\"robots\" content=\"index, follow, max-snippet:-1, max-image-preview:large, max-video-preview:-1\" \/>\n<link rel=\"canonical\" href=\"https:\/\/www.pmsafed.be\/fr\/airmiles\/\" \/>\n<meta property=\"og:locale\" content=\"fr_FR\" \/>\n<meta property=\"og:type\" content=\"article\" \/>\n<meta property=\"og:title\" content=\"Airmiles - PMSA\" \/>\n<meta property=\"og:description\" content=\"PMSA Airmiles Reward Program Wat zijn PMSA airmiles Trouwe deelnemers aan onze talrijke bijeenkomsten, worden beloond met airmiles.Elke aanwezigheid levert trouwens punten op, en je dingt mee voor de drie hoofdprijzen, of misschien wel voor de hoofdprijs en de wisselbeker! Probeer erbij te zijn! D\u00e9 PMSA airmiles wisselbeker Voorbije winnaars 2019 1ste prijs: Corten Patrick [&hellip;]\" \/>\n<meta property=\"og:url\" content=\"https:\/\/www.pmsafed.be\/fr\/airmiles\/\" \/>\n<meta property=\"og:site_name\" content=\"PMSA\" \/>\n<meta property=\"article:publisher\" content=\"https:\/\/www.facebook.com\/PMSA-ParaMotor-Sports-Federation-103045967991482\/\" \/>\n<meta property=\"article:modified_time\" content=\"2020-02-23T19:23:53+00:00\" \/>\n<meta property=\"og:image\" content=\"https:\/\/www.pmsafed.be\/wp-content\/uploads\/2018\/11\/Wisselbeker-airmiles.jpg\" \/>\n<meta name=\"twitter:card\" content=\"summary_large_image\" \/>\n<meta name=\"twitter:label1\" content=\"Dur\u00e9e de lecture est.\" \/>\n\t<meta name=\"twitter:data1\" content=\"1 minute\" \/>\n<script type=\"application\/ld+json\" class=\"yoast-schema-graph\">{\"@context\":\"https:\/\/schema.org\",\"@graph\":[{\"@type\":\"WebPage\",\"@id\":\"https:\/\/www.pmsafed.be\/airmiles\/\",\"url\":\"https:\/\/www.pmsafed.be\/airmiles\/\",\"name\":\"Airmiles - PMSA\",\"isPartOf\":{\"@id\":\"https:\/\/www.pmsafed.be\/#website\"},\"primaryImageOfPage\":{\"@id\":\"https:\/\/www.pmsafed.be\/airmiles\/#primaryimage\"},\"image\":{\"@id\":\"https:\/\/www.pmsafed.be\/airmiles\/#primaryimage\"},\"thumbnailUrl\":\"https:\/\/www.pmsafed.be\/wp-content\/uploads\/2018\/11\/Wisselbeker-airmiles.jpg\",\"datePublished\":\"2018-11-27T15:14:36+00:00\",\"dateModified\":\"2020-02-23T19:23:53+00:00\",\"breadcrumb\":{\"@id\":\"https:\/\/www.pmsafed.be\/airmiles\/#breadcrumb\"},\"inLanguage\":\"fr-BE\",\"potentialAction\":[{\"@type\":\"ReadAction\",\"target\":[\"https:\/\/www.pmsafed.be\/airmiles\/\"]}]},{\"@type\":\"ImageObject\",\"inLanguage\":\"fr-BE\",\"@id\":\"https:\/\/www.pmsafed.be\/airmiles\/#primaryimage\",\"url\":\"https:\/\/www.pmsafed.be\/wp-content\/uploads\/2018\/11\/Wisselbeker-airmiles.jpg\",\"contentUrl\":\"https:\/\/www.pmsafed.be\/wp-content\/uploads\/2018\/11\/Wisselbeker-airmiles.jpg\"},{\"@type\":\"BreadcrumbList\",\"@id\":\"https:\/\/www.pmsafed.be\/airmiles\/#breadcrumb\",\"itemListElement\":[{\"@type\":\"ListItem\",\"position\":1,\"name\":\"Home\",\"item\":\"https:\/\/www.pmsafed.be\/\"},{\"@type\":\"ListItem\",\"position\":2,\"name\":\"Airmiles\"}]},{\"@type\":\"WebSite\",\"@id\":\"https:\/\/www.pmsafed.be\/#website\",\"url\":\"https:\/\/www.pmsafed.be\/\",\"name\":\"PMSA\",\"description\":\"Paramotor\",\"publisher\":{\"@id\":\"https:\/\/www.pmsafed.be\/#organization\"},\"potentialAction\":[{\"@type\":\"SearchAction\",\"target\":{\"@type\":\"EntryPoint\",\"urlTemplate\":\"https:\/\/www.pmsafed.be\/?s={search_term_string}\"},\"query-input\":{\"@type\":\"PropertyValueSpecification\",\"valueRequired\":true,\"valueName\":\"search_term_string\"}}],\"inLanguage\":\"fr-BE\"},{\"@type\":\"Organization\",\"@id\":\"https:\/\/www.pmsafed.be\/#organization\",\"name\":\"Paramotor Sports Federation VZW\",\"url\":\"https:\/\/www.pmsafed.be\/\",\"logo\":{\"@type\":\"ImageObject\",\"inLanguage\":\"fr-BE\",\"@id\":\"https:\/\/www.pmsafed.be\/#\/schema\/logo\/image\/\",\"url\":\"https:\/\/www.pmsafed.be\/wp-content\/uploads\/2020\/09\/PMSA-kleur.png\",\"contentUrl\":\"https:\/\/www.pmsafed.be\/wp-content\/uploads\/2020\/09\/PMSA-kleur.png\",\"width\":1515,\"height\":948,\"caption\":\"Paramotor Sports Federation VZW\"},\"image\":{\"@id\":\"https:\/\/www.pmsafed.be\/#\/schema\/logo\/image\/\"},\"sameAs\":[\"https:\/\/www.facebook.com\/PMSA-ParaMotor-Sports-Federation-103045967991482\/\"]}]}<\/script>\n<!-- \/ Yoast SEO plugin. -->","yoast_head_json":{"title":"Airmiles - PMSA","robots":{"index":"index","follow":"follow","max-snippet":"max-snippet:-1","max-image-preview":"max-image-preview:large","max-video-preview":"max-video-preview:-1"},"canonical":"https:\/\/www.pmsafed.be\/fr\/airmiles\/","og_locale":"fr_FR","og_type":"article","og_title":"Airmiles - PMSA","og_description":"PMSA Airmiles Reward Program Wat zijn PMSA airmiles Trouwe deelnemers aan onze talrijke bijeenkomsten, worden beloond met airmiles.Elke aanwezigheid levert trouwens punten op, en je dingt mee voor de drie hoofdprijzen, of misschien wel voor de hoofdprijs en de wisselbeker! Probeer erbij te zijn! D\u00e9 PMSA airmiles wisselbeker Voorbije winnaars 2019 1ste prijs: Corten Patrick [&hellip;]","og_url":"https:\/\/www.pmsafed.be\/fr\/airmiles\/","og_site_name":"PMSA","article_publisher":"https:\/\/www.facebook.com\/PMSA-ParaMotor-Sports-Federation-103045967991482\/","article_modified_time":"2020-02-23T19:23:53+00:00","og_image":[{"url":"https:\/\/www.pmsafed.be\/wp-content\/uploads\/2018\/11\/Wisselbeker-airmiles.jpg","type":"","width":"","height":""}],"twitter_card":"summary_large_image","twitter_misc":{"Dur\u00e9e de lecture est.":"1 minute"},"schema":{"@context":"https:\/\/schema.org","@graph":[{"@type":"WebPage","@id":"https:\/\/www.pmsafed.be\/airmiles\/","url":"https:\/\/www.pmsafed.be\/airmiles\/","name":"Airmiles - PMSA","isPartOf":{"@id":"https:\/\/www.pmsafed.be\/#website"},"primaryImageOfPage":{"@id":"https:\/\/www.pmsafed.be\/airmiles\/#primaryimage"},"image":{"@id":"https:\/\/www.pmsafed.be\/airmiles\/#primaryimage"},"thumbnailUrl":"https:\/\/www.pmsafed.be\/wp-content\/uploads\/2018\/11\/Wisselbeker-airmiles.jpg","datePublished":"2018-11-27T15:14:36+00:00","dateModified":"2020-02-23T19:23:53+00:00","breadcrumb":{"@id":"https:\/\/www.pmsafed.be\/airmiles\/#breadcrumb"},"inLanguage":"fr-BE","potentialAction":[{"@type":"ReadAction","target":["https:\/\/www.pmsafed.be\/airmiles\/"]}]},{"@type":"ImageObject","inLanguage":"fr-BE","@id":"https:\/\/www.pmsafed.be\/airmiles\/#primaryimage","url":"https:\/\/www.pmsafed.be\/wp-content\/uploads\/2018\/11\/Wisselbeker-airmiles.jpg","contentUrl":"https:\/\/www.pmsafed.be\/wp-content\/uploads\/2018\/11\/Wisselbeker-airmiles.jpg"},{"@type":"BreadcrumbList","@id":"https:\/\/www.pmsafed.be\/airmiles\/#breadcrumb","itemListElement":[{"@type":"ListItem","position":1,"name":"Home","item":"https:\/\/www.pmsafed.be\/"},{"@type":"ListItem","position":2,"name":"Airmiles"}]},{"@type":"WebSite","@id":"https:\/\/www.pmsafed.be\/#website","url":"https:\/\/www.pmsafed.be\/","name":"PMSA","description":"Paramotor","publisher":{"@id":"https:\/\/www.pmsafed.be\/#organization"},"potentialAction":[{"@type":"SearchAction","target":{"@type":"EntryPoint","urlTemplate":"https:\/\/www.pmsafed.be\/?s={search_term_string}"},"query-input":{"@type":"PropertyValueSpecification","valueRequired":true,"valueName":"search_term_string"}}],"inLanguage":"fr-BE"},{"@type":"Organization","@id":"https:\/\/www.pmsafed.be\/#organization","name":"Paramotor Sports Federation VZW","url":"https:\/\/www.pmsafed.be\/","logo":{"@type":"ImageObject","inLanguage":"fr-BE","@id":"https:\/\/www.pmsafed.be\/#\/schema\/logo\/image\/","url":"https:\/\/www.pmsafed.be\/wp-content\/uploads\/2020\/09\/PMSA-kleur.png","contentUrl":"https:\/\/www.pmsafed.be\/wp-content\/uploads\/2020\/09\/PMSA-kleur.png","width":1515,"height":948,"caption":"Paramotor Sports Federation VZW"},"image":{"@id":"https:\/\/www.pmsafed.be\/#\/schema\/logo\/image\/"},"sameAs":["https:\/\/www.facebook.com\/PMSA-ParaMotor-Sports-Federation-103045967991482\/"]}]}},"_links":{"self":[{"href":"https:\/\/www.pmsafed.be\/fr\/wp-json\/wp\/v2\/pages\/12"}],"collection":[{"href":"https:\/\/www.pmsafed.be\/fr\/wp-json\/wp\/v2\/pages"}],"about":[{"href":"https:\/\/www.pmsafed.be\/fr\/wp-json\/wp\/v2\/types\/page"}],"author":[{"embeddable":true,"href":"https:\/\/www.pmsafed.be\/fr\/wp-json\/wp\/v2\/users\/7"}],"replies":[{"embeddable":true,"href":"https:\/\/www.pmsafed.be\/fr\/wp-json\/wp\/v2\/comments?post=12"}],"version-history":[{"count":8,"href":"https:\/\/www.pmsafed.be\/fr\/wp-json\/wp\/v2\/pages\/12\/revisions"}],"predecessor-version":[{"id":2033,"href":"https:\/\/www.pmsafed.be\/fr\/wp-json\/wp\/v2\/pages\/12\/revisions\/2033"}],"wp:attachment":[{"href":"https:\/\/www.pmsafed.be\/fr\/wp-json\/wp\/v2\/media?parent=12"}],"curies":[{"name":"wp","href":"https:\/\/api.w.org\/{rel}","templated":true}]}}