{"id":14,"date":"2018-11-22T11:12:40","date_gmt":"2018-11-22T11:12:40","guid":{"rendered":"http:\/\/www.pmsafed.be\/?page_id=14"},"modified":"2025-07-06T21:01:51","modified_gmt":"2025-07-06T19:01:51","slug":"bk","status":"publish","type":"page","link":"https:\/\/www.pmsafed.be\/fr\/bk\/","title":{"rendered":"Championnat de Belgique"},"content":{"rendered":"<div data-elementor-type=\"wp-post\" data-elementor-id=\"14\" class=\"elementor elementor-14\">\n\t\t\t\t\t\t<section class=\"elementor-section elementor-top-section elementor-element elementor-element-8198f5b elementor-section-stretched elementor-section-height-full elementor-section-boxed elementor-section-height-default elementor-section-items-middle\" data-id=\"8198f5b\" data-element_type=\"section\" data-settings=\"{&quot;stretch_section&quot;:&quot;section-stretched&quot;,&quot;background_background&quot;:&quot;classic&quot;}\">\n\t\t\t\t\t\t\t<div class=\"elementor-background-overlay\"><\/div>\n\t\t\t\t\t\t\t<div class=\"elementor-container elementor-column-gap-default\">\n\t\t\t\t\t<div class=\"elementor-column elementor-col-100 elementor-top-column elementor-element elementor-element-2e349ed\" data-id=\"2e349ed\" data-element_type=\"column\" data-settings=\"{&quot;background_background&quot;:&quot;classic&quot;}\">\n\t\t\t<div class=\"elementor-widget-wrap elementor-element-populated\">\n\t\t\t\t\t<div class=\"elementor-background-overlay\"><\/div>\n\t\t\t\t\t\t\t<\/div>\n\t\t<\/div>\n\t\t\t\t\t<\/div>\n\t\t<\/section>\n\t\t\t\t<section class=\"elementor-section elementor-top-section elementor-element elementor-element-bc4f46c elementor-section-boxed elementor-section-height-default elementor-section-height-default\" data-id=\"bc4f46c\" data-element_type=\"section\">\n\t\t\t\t\t\t<div class=\"elementor-container elementor-column-gap-default\">\n\t\t\t\t\t<div class=\"elementor-column elementor-col-100 elementor-top-column elementor-element elementor-element-a701008\" data-id=\"a701008\" data-element_type=\"column\">\n\t\t\t<div class=\"elementor-widget-wrap elementor-element-populated\">\n\t\t\t\t\t\t<div class=\"elementor-element elementor-element-f2ae137 elementor-widget elementor-widget-text-editor\" data-id=\"f2ae137\" data-element_type=\"widget\" data-widget_type=\"text-editor.default\">\n\t\t\t\t<div class=\"elementor-widget-container\">\n\t\t\t\t\t\t\t\t\t<p><strong><span style=\"font-size: 24pt;\">Succ\u00e8s du Championnat de Belgique de Paramoteur 2025 \u00e0 Linter<\/span><\/strong><\/p><p>Du 4 au 6 juillet, le Championnat de Belgique de paramoteur s&#039;est d\u00e9roul\u00e9 \u00e0 Melkwezer, dans la commune de Linter, dans le Brabant flamand. La F\u00e9d\u00e9ration ParaMotor Sports vzw (PMSA) a organis\u00e9 ce championnat pour 36 pilotes, tous membres de la f\u00e9d\u00e9ration.<\/p><p>Les pilotes de paramoteurs \u00e0 dos et les pilotes de trikes (paramoteurs sur roues) ont particip\u00e9 \u00e0 la comp\u00e9tition. Un classement distinct a \u00e9galement \u00e9t\u00e9 \u00e9tabli pour les pilotes de paramoteurs \u00e0 dos.<\/p><p>Les conditions m\u00e9t\u00e9orologiques \u00e9taient id\u00e9ales pour les premiers essais vendredi soir. Les pilotes se sont livr\u00e9s \u00e0 des \u00e9preuves de navigation, consistant \u00e0 rep\u00e9rer des emplacements sur une carte de la r\u00e9gion. Les atterrissages cibl\u00e9s et les atterrissages de pr\u00e9cision constituaient un d\u00e9fi suppl\u00e9mentaire, o\u00f9 l&#039;exp\u00e9rience et la comp\u00e9tence ont clairement \u00e9t\u00e9 mises \u00e0 l&#039;\u00e9preuve.<\/p><p>Samedi, les \u00e9l\u00e9ments restants ont \u00e9t\u00e9 termin\u00e9s, y compris le gonflage (mise en place de l&#039;aile), le contr\u00f4le de l&#039;aile et les comp\u00e9tences sur le terrain.<\/p><p>La comp\u00e9tition s&#039;est d\u00e9roul\u00e9e dans une ambiance sportive et conviviale, avec beaucoup de plaisir a\u00e9rien et des duels a\u00e9riens palpitants. Au final, un beau podium a \u00e9t\u00e9 remport\u00e9 dans les trois cat\u00e9gories principales\u00a0:<\/p><p><strong>Paramoteurs \u00e0 dos :<\/strong><\/p><ol><li><p>Arthur Bossuyt (Marque)<\/p><\/li><li><p>Andrew Timmerman (pair)<\/p><\/li><li><p>Riza Yulvac<\/p><\/li><\/ol><p><strong>Mesdames \u2013 Paramoteurs \u00e0 dos :<\/strong><\/p><ol><li><p>Kirsten Verstraete (Genk) \u2013 240 points<\/p><\/li><li><p>Bianca Baeten (Oudsbergen)<\/p><\/li><li><p>Lauren Portemont<\/p><\/li><\/ol><p><strong>Tricycle Paramoteur (mont\u00e9 sur roues)\u00a0:<\/strong><\/p><ol><li><p>Roger Bax (Hamont-Achel)<\/p><\/li><li><p>Ronny Cillen (Oudsbergen)<\/p><\/li><li><p>Danny Van Dessel (Heist-op-den-Berg)<\/p><\/li><\/ol><p>Arthur Bossuyt a \u00e9t\u00e9 \u00e0 nouveau sacr\u00e9 champion de Belgique et prolonge ainsi son titre national pour la troisi\u00e8me ann\u00e9e cons\u00e9cutive (2023, 2024 et maintenant 2025). Arthur est le fils de la pilote de haut niveau Veerle Santy et de feu Johan Bossuyt, lui-m\u00eame pionnier et ancien champion de Belgique de ce sport. Avec ce tripl\u00e9, Arthur \u00e9crit l&#039;histoire du paramoteur belge.<\/p><p>Tous les regards sont d\u00e9sormais tourn\u00e9s vers les Championnats d&#039;Europe, qui auront bient\u00f4t lieu en Angleterre. Nous esp\u00e9rons qu&#039;Arthur y excellera \u00e0 nouveau et repr\u00e9sentera la Belgique au plus haut niveau.<\/p><p>La PMSA compte pr\u00e8s de 300 membres et organise chaque ann\u00e9e une dizaine d&#039;\u00e9v\u00e9nements pour la communaut\u00e9. Le championnat de Linter, le 91e de la f\u00e9d\u00e9ration, a une fois de plus \u00e9t\u00e9 un franc succ\u00e8s, en partie gr\u00e2ce aux efforts de nombreux b\u00e9n\u00e9voles.<\/p><p>L&#039;organisation tient \u00e0 exprimer ses sinc\u00e8res remerciements \u00e0 tous les employ\u00e9s, au jury du concours, \u00e0 la direction du concours et au beau temps de vendredi et samedi, qui a donn\u00e9 des ailes au championnat.<\/p><p><span class=\"im\">Plus d&#039;informations et mises \u00e0 jour via\u00a0<a href=\"https:\/\/www.pmsafed.be\/fr\/\" target=\"_blank\" rel=\"noopener\" data-saferedirecturl=\"https:\/\/www.google.com\/url?q=http:\/\/www.pmsafed.be&amp;source=gmail&amp;ust=1751911690484000&amp;usg=AOvVaw0utzexrKhxFJvJ8AKngH04\">www.pmsafed.be<\/a><br \/><\/span>Contactez Benny Vangansewinkel au 0032 476 616256<\/p>\t\t\t\t\t\t\t\t<\/div>\n\t\t\t\t<\/div>\n\t\t\t\t\t<\/div>\n\t\t<\/div>\n\t\t\t\t\t<\/div>\n\t\t<\/section>\n\t\t\t\t<section class=\"elementor-section elementor-top-section elementor-element elementor-element-c57dc90 elementor-section-boxed elementor-section-height-default elementor-section-height-default\" data-id=\"c57dc90\" data-element_type=\"section\">\n\t\t\t\t\t\t<div class=\"elementor-container elementor-column-gap-default\">\n\t\t\t\t\t<div class=\"elementor-column elementor-col-33 elementor-top-column elementor-element elementor-element-5a893ad\" data-id=\"5a893ad\" data-element_type=\"column\">\n\t\t\t<div class=\"elementor-widget-wrap elementor-element-populated\">\n\t\t\t\t\t\t<div class=\"elementor-element elementor-element-e625681 elementor-widget elementor-widget-image\" data-id=\"e625681\" data-element_type=\"widget\" data-widget_type=\"image.default\">\n\t\t\t\t<div class=\"elementor-widget-container\">\n\t\t\t\t\t\t\t\t\t\t\t\t<figure class=\"wp-caption\">\n\t\t\t\t\t\t\t\t\t\t<img fetchpriority=\"high\" decoding=\"async\" width=\"768\" height=\"1024\" src=\"https:\/\/www.pmsafed.be\/wp-content\/uploads\/2025\/07\/IMG-20250705-WA0072-4-768x1024.jpg\" class=\"attachment-medium_large size-medium_large wp-image-4178\" alt=\"\" srcset=\"https:\/\/www.pmsafed.be\/wp-content\/uploads\/2025\/07\/IMG-20250705-WA0072-4-768x1024.jpg 768w, https:\/\/www.pmsafed.be\/wp-content\/uploads\/2025\/07\/IMG-20250705-WA0072-4-225x300.jpg 225w, https:\/\/www.pmsafed.be\/wp-content\/uploads\/2025\/07\/IMG-20250705-WA0072-4-1152x1536.jpg 1152w, https:\/\/www.pmsafed.be\/wp-content\/uploads\/2025\/07\/IMG-20250705-WA0072-4-9x12.jpg 9w, https:\/\/www.pmsafed.be\/wp-content\/uploads\/2025\/07\/IMG-20250705-WA0072-4.jpg 1536w\" sizes=\"(max-width: 768px) 100vw, 768px\" \/>\t\t\t\t\t\t\t\t\t\t\t<figcaption class=\"widget-image-caption wp-caption-text\">Podium dames dos port\u00e9<\/figcaption>\n\t\t\t\t\t\t\t\t\t\t<\/figure>\n\t\t\t\t\t\t\t\t\t<\/div>\n\t\t\t\t<\/div>\n\t\t\t\t\t<\/div>\n\t\t<\/div>\n\t\t\t\t<div class=\"elementor-column elementor-col-33 elementor-top-column elementor-element elementor-element-fca1d51\" data-id=\"fca1d51\" data-element_type=\"column\">\n\t\t\t<div class=\"elementor-widget-wrap elementor-element-populated\">\n\t\t\t\t\t\t<div class=\"elementor-element elementor-element-7201b2e elementor-widget elementor-widget-image\" data-id=\"7201b2e\" data-element_type=\"widget\" data-widget_type=\"image.default\">\n\t\t\t\t<div class=\"elementor-widget-container\">\n\t\t\t\t\t\t\t\t\t\t\t\t<figure class=\"wp-caption\">\n\t\t\t\t\t\t\t\t\t\t<img decoding=\"async\" width=\"768\" height=\"576\" src=\"https:\/\/www.pmsafed.be\/wp-content\/uploads\/2025\/07\/IMG-20250705-WA0040-768x576.jpg\" class=\"attachment-medium_large size-medium_large wp-image-4179\" alt=\"\" srcset=\"https:\/\/www.pmsafed.be\/wp-content\/uploads\/2025\/07\/IMG-20250705-WA0040-768x576.jpg 768w, https:\/\/www.pmsafed.be\/wp-content\/uploads\/2025\/07\/IMG-20250705-WA0040-300x225.jpg 300w, https:\/\/www.pmsafed.be\/wp-content\/uploads\/2025\/07\/IMG-20250705-WA0040-1024x768.jpg 1024w, https:\/\/www.pmsafed.be\/wp-content\/uploads\/2025\/07\/IMG-20250705-WA0040-1536x1152.jpg 1536w, https:\/\/www.pmsafed.be\/wp-content\/uploads\/2025\/07\/IMG-20250705-WA0040-16x12.jpg 16w, https:\/\/www.pmsafed.be\/wp-content\/uploads\/2025\/07\/IMG-20250705-WA0040.jpg 2048w\" sizes=\"(max-width: 768px) 100vw, 768px\" \/>\t\t\t\t\t\t\t\t\t\t\t<figcaption class=\"widget-image-caption wp-caption-text\">Tricycle podium <\/figcaption>\n\t\t\t\t\t\t\t\t\t\t<\/figure>\n\t\t\t\t\t\t\t\t\t<\/div>\n\t\t\t\t<\/div>\n\t\t\t\t\t<\/div>\n\t\t<\/div>\n\t\t\t\t<div class=\"elementor-column elementor-col-33 elementor-top-column elementor-element elementor-element-2aa3fd7\" data-id=\"2aa3fd7\" data-element_type=\"column\">\n\t\t\t<div class=\"elementor-widget-wrap elementor-element-populated\">\n\t\t\t\t\t\t<div class=\"elementor-element elementor-element-19137fd elementor-widget elementor-widget-image\" data-id=\"19137fd\" data-element_type=\"widget\" data-widget_type=\"image.default\">\n\t\t\t\t<div class=\"elementor-widget-container\">\n\t\t\t\t\t\t\t\t\t\t\t\t<figure class=\"wp-caption\">\n\t\t\t\t\t\t\t\t\t\t<img decoding=\"async\" width=\"768\" height=\"576\" src=\"https:\/\/www.pmsafed.be\/wp-content\/uploads\/2025\/07\/IMG-20250705-WA0043-768x576.jpg\" class=\"attachment-medium_large size-medium_large wp-image-4180\" alt=\"\" srcset=\"https:\/\/www.pmsafed.be\/wp-content\/uploads\/2025\/07\/IMG-20250705-WA0043-768x576.jpg 768w, https:\/\/www.pmsafed.be\/wp-content\/uploads\/2025\/07\/IMG-20250705-WA0043-300x225.jpg 300w, https:\/\/www.pmsafed.be\/wp-content\/uploads\/2025\/07\/IMG-20250705-WA0043-1024x768.jpg 1024w, https:\/\/www.pmsafed.be\/wp-content\/uploads\/2025\/07\/IMG-20250705-WA0043-1536x1152.jpg 1536w, https:\/\/www.pmsafed.be\/wp-content\/uploads\/2025\/07\/IMG-20250705-WA0043-16x12.jpg 16w, https:\/\/www.pmsafed.be\/wp-content\/uploads\/2025\/07\/IMG-20250705-WA0043.jpg 2048w\" sizes=\"(max-width: 768px) 100vw, 768px\" \/>\t\t\t\t\t\t\t\t\t\t\t<figcaption class=\"widget-image-caption wp-caption-text\">Podium Hommes port\u00e9s dans le dos<\/figcaption>\n\t\t\t\t\t\t\t\t\t\t<\/figure>\n\t\t\t\t\t\t\t\t\t<\/div>\n\t\t\t\t<\/div>\n\t\t\t\t\t<\/div>\n\t\t<\/div>\n\t\t\t\t\t<\/div>\n\t\t<\/section>\n\t\t\t\t<\/div>","protected":false},"excerpt":{"rendered":"<p>Le Championnat de Belgique de paramoteur 2025 a \u00e9t\u00e9 un succ\u00e8s \u00e0 Linter. Il s&#039;est d\u00e9roul\u00e9 du 4 au 6 juillet \u00e0 Melkwezer, dans la commune de Linter, dans le Brabant flamand. La F\u00e9d\u00e9ration des sports paramoteurs (PMSA) a organis\u00e9 ce championnat pour 36 pilotes, tous membres de la f\u00e9d\u00e9ration. Des pilotes de motos \u00e0 dos et de trikes (paramoteurs \u00e0 roues) y ont particip\u00e9.<\/p>","protected":false},"author":7,"featured_media":0,"parent":0,"menu_order":0,"comment_status":"closed","ping_status":"closed","template":"","meta":{"_acf_changed":false,"_exactmetrics_skip_tracking":false,"_exactmetrics_sitenote_active":false,"_exactmetrics_sitenote_note":"","_exactmetrics_sitenote_category":0,"ocean_post_layout":"full-width","ocean_both_sidebars_style":"","ocean_both_sidebars_content_width":0,"ocean_both_sidebars_sidebars_width":0,"ocean_sidebar":"0","ocean_second_sidebar":"0","ocean_disable_margins":"on","ocean_add_body_class":"","ocean_shortcode_before_top_bar":"","ocean_shortcode_after_top_bar":"","ocean_shortcode_before_header":"","ocean_shortcode_after_header":"","ocean_has_shortcode":"","ocean_shortcode_after_title":"","ocean_shortcode_before_footer_widgets":"","ocean_shortcode_after_footer_widgets":"","ocean_shortcode_before_footer_bottom":"","ocean_shortcode_after_footer_bottom":"","ocean_display_top_bar":"off","ocean_display_header":"on","ocean_header_style":"","ocean_center_header_left_menu":"0","ocean_custom_header_template":"0","ocean_custom_logo":0,"ocean_custom_retina_logo":0,"ocean_custom_logo_max_width":0,"ocean_custom_logo_tablet_max_width":0,"ocean_custom_logo_mobile_max_width":0,"ocean_custom_logo_max_height":0,"ocean_custom_logo_tablet_max_height":0,"ocean_custom_logo_mobile_max_height":0,"ocean_header_custom_menu":"0","ocean_menu_typo_font_family":"0","ocean_menu_typo_font_subset":"","ocean_menu_typo_font_size":0,"ocean_menu_typo_font_size_tablet":0,"ocean_menu_typo_font_size_mobile":0,"ocean_menu_typo_font_size_unit":"px","ocean_menu_typo_font_weight":"","ocean_menu_typo_font_weight_tablet":"","ocean_menu_typo_font_weight_mobile":"","ocean_menu_typo_transform":"","ocean_menu_typo_transform_tablet":"","ocean_menu_typo_transform_mobile":"","ocean_menu_typo_line_height":0,"ocean_menu_typo_line_height_tablet":0,"ocean_menu_typo_line_height_mobile":0,"ocean_menu_typo_line_height_unit":"","ocean_menu_typo_spacing":0,"ocean_menu_typo_spacing_tablet":0,"ocean_menu_typo_spacing_mobile":0,"ocean_menu_typo_spacing_unit":"","ocean_menu_link_color":"","ocean_menu_link_color_hover":"","ocean_menu_link_color_active":"","ocean_menu_link_background":"","ocean_menu_link_hover_background":"","ocean_menu_link_active_background":"","ocean_menu_social_links_bg":"","ocean_menu_social_hover_links_bg":"","ocean_menu_social_links_color":"","ocean_menu_social_hover_links_color":"","ocean_disable_title":"on","ocean_disable_heading":"default","ocean_post_title":"","ocean_post_subheading":"","ocean_post_title_style":"","ocean_post_title_background_color":"","ocean_post_title_background":0,"ocean_post_title_bg_image_position":"","ocean_post_title_bg_image_attachment":"","ocean_post_title_bg_image_repeat":"","ocean_post_title_bg_image_size":"","ocean_post_title_height":0,"ocean_post_title_bg_overlay":0.5,"ocean_post_title_bg_overlay_color":"","ocean_disable_breadcrumbs":"off","ocean_breadcrumbs_color":"","ocean_breadcrumbs_separator_color":"","ocean_breadcrumbs_links_color":"","ocean_breadcrumbs_links_hover_color":"","ocean_display_footer_widgets":"on","ocean_display_footer_bottom":"off","ocean_custom_footer_template":"0","footnotes":""},"acf":[],"yoast_head":"<!-- This site is optimized with the Yoast SEO plugin v24.5 - https:\/\/yoast.com\/wordpress\/plugins\/seo\/ -->\n<title>Belgisch Kampioenschap - PMSA<\/title>\n<meta name=\"robots\" content=\"index, follow, max-snippet:-1, max-image-preview:large, max-video-preview:-1\" \/>\n<link rel=\"canonical\" href=\"https:\/\/www.pmsafed.be\/fr\/bk\/\" \/>\n<meta property=\"og:locale\" content=\"fr_FR\" \/>\n<meta property=\"og:type\" content=\"article\" \/>\n<meta property=\"og:title\" content=\"Belgisch Kampioenschap - PMSA\" \/>\n<meta property=\"og:description\" content=\"Belgisch Kampioenschap Paramotor 2025 succesvol verlopen in Linter Van 4 tot 6 juli vond in Melkwezer, in de Vlaams-Brabantse gemeente Linter, het Belgisch Kampioenschap Paramotor plaats. De ParaMotor Sports Federation vzw (PMSA) organiseerde dit kampioenschap voor 36 piloten, allemaal leden van de federatie. Zowel piloten met ruggedragen motoren als die met trikes (paramotoren op wielen) [&hellip;]\" \/>\n<meta property=\"og:url\" content=\"https:\/\/www.pmsafed.be\/fr\/bk\/\" \/>\n<meta property=\"og:site_name\" content=\"PMSA\" \/>\n<meta property=\"article:publisher\" content=\"https:\/\/www.facebook.com\/PMSA-ParaMotor-Sports-Federation-103045967991482\/\" \/>\n<meta property=\"article:modified_time\" content=\"2025-07-06T19:01:51+00:00\" \/>\n<meta property=\"og:image\" content=\"https:\/\/www.pmsafed.be\/wp-content\/uploads\/2025\/07\/IMG-20250705-WA0072-4.jpg\" \/>\n\t<meta property=\"og:image:width\" content=\"1536\" \/>\n\t<meta property=\"og:image:height\" content=\"2048\" \/>\n\t<meta property=\"og:image:type\" content=\"image\/jpeg\" \/>\n<meta name=\"twitter:card\" content=\"summary_large_image\" \/>\n<meta name=\"twitter:label1\" content=\"Dur\u00e9e de lecture est.\" \/>\n\t<meta name=\"twitter:data1\" content=\"1 minute\" \/>\n<script type=\"application\/ld+json\" class=\"yoast-schema-graph\">{\"@context\":\"https:\/\/schema.org\",\"@graph\":[{\"@type\":\"WebPage\",\"@id\":\"https:\/\/www.pmsafed.be\/bk\/\",\"url\":\"https:\/\/www.pmsafed.be\/bk\/\",\"name\":\"Belgisch Kampioenschap - PMSA\",\"isPartOf\":{\"@id\":\"https:\/\/www.pmsafed.be\/#website\"},\"primaryImageOfPage\":{\"@id\":\"https:\/\/www.pmsafed.be\/bk\/#primaryimage\"},\"image\":{\"@id\":\"https:\/\/www.pmsafed.be\/bk\/#primaryimage\"},\"thumbnailUrl\":\"https:\/\/www.pmsafed.be\/wp-content\/uploads\/2025\/07\/IMG-20250705-WA0072-4-768x1024.jpg\",\"datePublished\":\"2018-11-22T11:12:40+00:00\",\"dateModified\":\"2025-07-06T19:01:51+00:00\",\"breadcrumb\":{\"@id\":\"https:\/\/www.pmsafed.be\/bk\/#breadcrumb\"},\"inLanguage\":\"fr-BE\",\"potentialAction\":[{\"@type\":\"ReadAction\",\"target\":[\"https:\/\/www.pmsafed.be\/bk\/\"]}]},{\"@type\":\"ImageObject\",\"inLanguage\":\"fr-BE\",\"@id\":\"https:\/\/www.pmsafed.be\/bk\/#primaryimage\",\"url\":\"https:\/\/www.pmsafed.be\/wp-content\/uploads\/2025\/07\/IMG-20250705-WA0072-4-768x1024.jpg\",\"contentUrl\":\"https:\/\/www.pmsafed.be\/wp-content\/uploads\/2025\/07\/IMG-20250705-WA0072-4-768x1024.jpg\"},{\"@type\":\"BreadcrumbList\",\"@id\":\"https:\/\/www.pmsafed.be\/bk\/#breadcrumb\",\"itemListElement\":[{\"@type\":\"ListItem\",\"position\":1,\"name\":\"Home\",\"item\":\"https:\/\/www.pmsafed.be\/\"},{\"@type\":\"ListItem\",\"position\":2,\"name\":\"Belgisch Kampioenschap\"}]},{\"@type\":\"WebSite\",\"@id\":\"https:\/\/www.pmsafed.be\/#website\",\"url\":\"https:\/\/www.pmsafed.be\/\",\"name\":\"PMSA\",\"description\":\"Paramotor\",\"publisher\":{\"@id\":\"https:\/\/www.pmsafed.be\/#organization\"},\"potentialAction\":[{\"@type\":\"SearchAction\",\"target\":{\"@type\":\"EntryPoint\",\"urlTemplate\":\"https:\/\/www.pmsafed.be\/?s={search_term_string}\"},\"query-input\":{\"@type\":\"PropertyValueSpecification\",\"valueRequired\":true,\"valueName\":\"search_term_string\"}}],\"inLanguage\":\"fr-BE\"},{\"@type\":\"Organization\",\"@id\":\"https:\/\/www.pmsafed.be\/#organization\",\"name\":\"Paramotor Sports Federation VZW\",\"url\":\"https:\/\/www.pmsafed.be\/\",\"logo\":{\"@type\":\"ImageObject\",\"inLanguage\":\"fr-BE\",\"@id\":\"https:\/\/www.pmsafed.be\/#\/schema\/logo\/image\/\",\"url\":\"https:\/\/www.pmsafed.be\/wp-content\/uploads\/2020\/09\/PMSA-kleur.png\",\"contentUrl\":\"https:\/\/www.pmsafed.be\/wp-content\/uploads\/2020\/09\/PMSA-kleur.png\",\"width\":1515,\"height\":948,\"caption\":\"Paramotor Sports Federation VZW\"},\"image\":{\"@id\":\"https:\/\/www.pmsafed.be\/#\/schema\/logo\/image\/\"},\"sameAs\":[\"https:\/\/www.facebook.com\/PMSA-ParaMotor-Sports-Federation-103045967991482\/\"]}]}<\/script>\n<!-- \/ Yoast SEO plugin. -->","yoast_head_json":{"title":"Belgisch Kampioenschap - PMSA","robots":{"index":"index","follow":"follow","max-snippet":"max-snippet:-1","max-image-preview":"max-image-preview:large","max-video-preview":"max-video-preview:-1"},"canonical":"https:\/\/www.pmsafed.be\/fr\/bk\/","og_locale":"fr_FR","og_type":"article","og_title":"Belgisch Kampioenschap - PMSA","og_description":"Belgisch Kampioenschap Paramotor 2025 succesvol verlopen in Linter Van 4 tot 6 juli vond in Melkwezer, in de Vlaams-Brabantse gemeente Linter, het Belgisch Kampioenschap Paramotor plaats. De ParaMotor Sports Federation vzw (PMSA) organiseerde dit kampioenschap voor 36 piloten, allemaal leden van de federatie. Zowel piloten met ruggedragen motoren als die met trikes (paramotoren op wielen) [&hellip;]","og_url":"https:\/\/www.pmsafed.be\/fr\/bk\/","og_site_name":"PMSA","article_publisher":"https:\/\/www.facebook.com\/PMSA-ParaMotor-Sports-Federation-103045967991482\/","article_modified_time":"2025-07-06T19:01:51+00:00","og_image":[{"width":1536,"height":2048,"url":"https:\/\/www.pmsafed.be\/wp-content\/uploads\/2025\/07\/IMG-20250705-WA0072-4.jpg","type":"image\/jpeg"}],"twitter_card":"summary_large_image","twitter_misc":{"Dur\u00e9e de lecture est.":"1 minute"},"schema":{"@context":"https:\/\/schema.org","@graph":[{"@type":"WebPage","@id":"https:\/\/www.pmsafed.be\/bk\/","url":"https:\/\/www.pmsafed.be\/bk\/","name":"Belgisch Kampioenschap - PMSA","isPartOf":{"@id":"https:\/\/www.pmsafed.be\/#website"},"primaryImageOfPage":{"@id":"https:\/\/www.pmsafed.be\/bk\/#primaryimage"},"image":{"@id":"https:\/\/www.pmsafed.be\/bk\/#primaryimage"},"thumbnailUrl":"https:\/\/www.pmsafed.be\/wp-content\/uploads\/2025\/07\/IMG-20250705-WA0072-4-768x1024.jpg","datePublished":"2018-11-22T11:12:40+00:00","dateModified":"2025-07-06T19:01:51+00:00","breadcrumb":{"@id":"https:\/\/www.pmsafed.be\/bk\/#breadcrumb"},"inLanguage":"fr-BE","potentialAction":[{"@type":"ReadAction","target":["https:\/\/www.pmsafed.be\/bk\/"]}]},{"@type":"ImageObject","inLanguage":"fr-BE","@id":"https:\/\/www.pmsafed.be\/bk\/#primaryimage","url":"https:\/\/www.pmsafed.be\/wp-content\/uploads\/2025\/07\/IMG-20250705-WA0072-4-768x1024.jpg","contentUrl":"https:\/\/www.pmsafed.be\/wp-content\/uploads\/2025\/07\/IMG-20250705-WA0072-4-768x1024.jpg"},{"@type":"BreadcrumbList","@id":"https:\/\/www.pmsafed.be\/bk\/#breadcrumb","itemListElement":[{"@type":"ListItem","position":1,"name":"Home","item":"https:\/\/www.pmsafed.be\/"},{"@type":"ListItem","position":2,"name":"Belgisch Kampioenschap"}]},{"@type":"WebSite","@id":"https:\/\/www.pmsafed.be\/#website","url":"https:\/\/www.pmsafed.be\/","name":"PMSA","description":"Paramotor","publisher":{"@id":"https:\/\/www.pmsafed.be\/#organization"},"potentialAction":[{"@type":"SearchAction","target":{"@type":"EntryPoint","urlTemplate":"https:\/\/www.pmsafed.be\/?s={search_term_string}"},"query-input":{"@type":"PropertyValueSpecification","valueRequired":true,"valueName":"search_term_string"}}],"inLanguage":"fr-BE"},{"@type":"Organization","@id":"https:\/\/www.pmsafed.be\/#organization","name":"Paramotor Sports Federation VZW","url":"https:\/\/www.pmsafed.be\/","logo":{"@type":"ImageObject","inLanguage":"fr-BE","@id":"https:\/\/www.pmsafed.be\/#\/schema\/logo\/image\/","url":"https:\/\/www.pmsafed.be\/wp-content\/uploads\/2020\/09\/PMSA-kleur.png","contentUrl":"https:\/\/www.pmsafed.be\/wp-content\/uploads\/2020\/09\/PMSA-kleur.png","width":1515,"height":948,"caption":"Paramotor Sports Federation VZW"},"image":{"@id":"https:\/\/www.pmsafed.be\/#\/schema\/logo\/image\/"},"sameAs":["https:\/\/www.facebook.com\/PMSA-ParaMotor-Sports-Federation-103045967991482\/"]}]}},"_links":{"self":[{"href":"https:\/\/www.pmsafed.be\/fr\/wp-json\/wp\/v2\/pages\/14"}],"collection":[{"href":"https:\/\/www.pmsafed.be\/fr\/wp-json\/wp\/v2\/pages"}],"about":[{"href":"https:\/\/www.pmsafed.be\/fr\/wp-json\/wp\/v2\/types\/page"}],"author":[{"embeddable":true,"href":"https:\/\/www.pmsafed.be\/fr\/wp-json\/wp\/v2\/users\/7"}],"replies":[{"embeddable":true,"href":"https:\/\/www.pmsafed.be\/fr\/wp-json\/wp\/v2\/comments?post=14"}],"version-history":[{"count":54,"href":"https:\/\/www.pmsafed.be\/fr\/wp-json\/wp\/v2\/pages\/14\/revisions"}],"predecessor-version":[{"id":4218,"href":"https:\/\/www.pmsafed.be\/fr\/wp-json\/wp\/v2\/pages\/14\/revisions\/4218"}],"wp:attachment":[{"href":"https:\/\/www.pmsafed.be\/fr\/wp-json\/wp\/v2\/media?parent=14"}],"curies":[{"name":"wp","href":"https:\/\/api.w.org\/{rel}","templated":true}]}}