{"id":26,"date":"2018-11-22T11:29:54","date_gmt":"2018-11-22T11:29:54","guid":{"rendered":"http:\/\/www.pmsafed.be\/?page_id=26"},"modified":"2024-02-29T15:25:09","modified_gmt":"2024-02-29T13:25:09","slug":"informatie","status":"publish","type":"page","link":"https:\/\/www.pmsafed.be\/fr\/informatie\/","title":{"rendered":"Information"},"content":{"rendered":"<div data-elementor-type=\"wp-post\" data-elementor-id=\"26\" class=\"elementor elementor-26\">\n\t\t\t\t\t\t<section class=\"elementor-section elementor-top-section elementor-element elementor-element-2b0082f elementor-section-boxed elementor-section-height-default elementor-section-height-default\" data-id=\"2b0082f\" data-element_type=\"section\">\n\t\t\t\t\t\t<div class=\"elementor-container elementor-column-gap-default\">\n\t\t\t\t\t<div class=\"elementor-column elementor-col-100 elementor-top-column elementor-element elementor-element-1d8561e\" data-id=\"1d8561e\" data-element_type=\"column\">\n\t\t\t<div class=\"elementor-widget-wrap elementor-element-populated\">\n\t\t\t\t\t\t<div class=\"elementor-element elementor-element-f5e836b elementor-widget elementor-widget-heading\" data-id=\"f5e836b\" data-element_type=\"widget\" data-widget_type=\"heading.default\">\n\t\t\t\t<div class=\"elementor-widget-container\">\n\t\t\t\t\t<h2 class=\"elementor-heading-title elementor-size-default\">Information<\/h2>\t\t\t\t<\/div>\n\t\t\t\t<\/div>\n\t\t\t\t<div class=\"elementor-element elementor-element-a22c0a5 elementor-align-center elementor-widget elementor-widget-button\" data-id=\"a22c0a5\" data-element_type=\"widget\" data-widget_type=\"button.default\">\n\t\t\t\t<div class=\"elementor-widget-container\">\n\t\t\t\t\t\t\t\t\t<div class=\"elementor-button-wrapper\">\n\t\t\t\t\t<a class=\"elementor-button elementor-button-link elementor-size-xl\" href=\"https:\/\/forms.gle\/Exz6MDGpLM8CoBAV6\">\n\t\t\t\t\t\t<span class=\"elementor-button-content-wrapper\">\n\t\t\t\t\t\t\t\t\t<span class=\"elementor-button-text\">Num\u00e9ro d&#039;\u00e9cran de commande<\/span>\n\t\t\t\t\t<\/span>\n\t\t\t\t\t<\/a>\n\t\t\t\t<\/div>\n\t\t\t\t\t\t\t\t<\/div>\n\t\t\t\t<\/div>\n\t\t\t\t<div class=\"elementor-element elementor-element-c334009 elementor-widget elementor-widget-text-editor\" data-id=\"c334009\" data-element_type=\"widget\" data-widget_type=\"text-editor.default\">\n\t\t\t\t<div class=\"elementor-widget-container\">\n\t\t\t\t\t\t\t\t\t<p style=\"text-align: center;\"><span style=\"font-size: 18pt; color: #000000;\">Pour les membres PMSA, nous offrons la possibilit\u00e9 de commander un autocollant d\u2019enregistrement pour votre \u00e9cran. <\/span><\/p><p style=\"text-align: center;\"><span style=\"font-size: 18pt; color: #000000;\">N<\/span><span style=\"font-size: 18pt; color: #000000;\">Apr\u00e8s avoir compl\u00e9t\u00e9 le bouton ci-dessus, vous le recevrez \u00e0 votre domicile par PMSA.<\/span><\/p><p style=\"text-align: center;\"><span style=\"font-size: 18pt; color: #000000;\">Livraison gratuite en Belgique, 10 euros de frais de port \u00e0 l&#039;\u00e9tranger.<\/span><\/p>\t\t\t\t\t\t\t\t<\/div>\n\t\t\t\t<\/div>\n\t\t\t\t\t<\/div>\n\t\t<\/div>\n\t\t\t\t\t<\/div>\n\t\t<\/section>\n\t\t\t\t<section class=\"elementor-section elementor-top-section elementor-element elementor-element-198fb75c elementor-section-stretched elementor-section-boxed elementor-section-height-default elementor-section-height-default\" data-id=\"198fb75c\" data-element_type=\"section\" data-settings=\"{&quot;stretch_section&quot;:&quot;section-stretched&quot;}\">\n\t\t\t\t\t\t<div class=\"elementor-container elementor-column-gap-no\">\n\t\t\t\t\t<div class=\"elementor-column elementor-col-33 elementor-top-column elementor-element elementor-element-3311b5f8\" data-id=\"3311b5f8\" data-element_type=\"column\" data-settings=\"{&quot;background_background&quot;:&quot;classic&quot;}\">\n\t\t\t<div class=\"elementor-widget-wrap elementor-element-populated\">\n\t\t\t\t\t\t<div class=\"elementor-element elementor-element-1ab017f8 elementor-widget elementor-widget-image\" data-id=\"1ab017f8\" data-element_type=\"widget\" data-widget_type=\"image.default\">\n\t\t\t\t<div class=\"elementor-widget-container\">\n\t\t\t\t\t\t\t\t\t\t\t\t\t\t\t<img fetchpriority=\"high\" decoding=\"async\" width=\"1024\" height=\"676\" src=\"https:\/\/www.pmsafed.be\/wp-content\/uploads\/2020\/05\/DSCN8702-1024x676.jpg\" class=\"attachment-large size-large wp-image-2322\" alt=\"\" srcset=\"https:\/\/www.pmsafed.be\/wp-content\/uploads\/2020\/05\/DSCN8702-1024x676.jpg 1024w, https:\/\/www.pmsafed.be\/wp-content\/uploads\/2020\/05\/DSCN8702-300x198.jpg 300w, https:\/\/www.pmsafed.be\/wp-content\/uploads\/2020\/05\/DSCN8702-768x507.jpg 768w, https:\/\/www.pmsafed.be\/wp-content\/uploads\/2020\/05\/DSCN8702-1536x1014.jpg 1536w, https:\/\/www.pmsafed.be\/wp-content\/uploads\/2020\/05\/DSCN8702-2048x1352.jpg 2048w, https:\/\/www.pmsafed.be\/wp-content\/uploads\/2020\/05\/DSCN8702-600x396.jpg 600w\" sizes=\"(max-width: 1024px) 100vw, 1024px\" \/>\t\t\t\t\t\t\t\t\t\t\t\t\t\t\t<\/div>\n\t\t\t\t<\/div>\n\t\t\t\t<div class=\"elementor-element elementor-element-71d35bea elementor-widget elementor-widget-heading\" data-id=\"71d35bea\" data-element_type=\"widget\" data-widget_type=\"heading.default\">\n\t\t\t\t<div class=\"elementor-widget-container\">\n\t\t\t\t\t<h3 class=\"elementor-heading-title elementor-size-large\">T\u00e9l\u00e9chargements<\/h3>\t\t\t\t<\/div>\n\t\t\t\t<\/div>\n\t\t\t\t<div class=\"elementor-element elementor-element-1872e87d elementor-widget elementor-widget-text-editor\" data-id=\"1872e87d\" data-element_type=\"widget\" data-widget_type=\"text-editor.default\">\n\t\t\t\t<div class=\"elementor-widget-container\">\n\t\t\t\t\t\t\t\t\t<p>T\u00e9l\u00e9chargez tous les r\u00e8glements, la KB et les documents pour enregistrer votre site.<\/p>\t\t\t\t\t\t\t\t<\/div>\n\t\t\t\t<\/div>\n\t\t\t\t<div class=\"elementor-element elementor-element-6e02b4d9 elementor-align-center elementor-widget elementor-widget-button\" data-id=\"6e02b4d9\" data-element_type=\"widget\" data-widget_type=\"button.default\">\n\t\t\t\t<div class=\"elementor-widget-container\">\n\t\t\t\t\t\t\t\t\t<div class=\"elementor-button-wrapper\">\n\t\t\t\t\t<a class=\"elementor-button elementor-button-link elementor-size-sm\" href=\"#\">\n\t\t\t\t\t\t<span class=\"elementor-button-content-wrapper\">\n\t\t\t\t\t\t\t\t\t<span class=\"elementor-button-text\">Plus d&#039;infos<\/span>\n\t\t\t\t\t<\/span>\n\t\t\t\t\t<\/a>\n\t\t\t\t<\/div>\n\t\t\t\t\t\t\t\t<\/div>\n\t\t\t\t<\/div>\n\t\t\t\t\t<\/div>\n\t\t<\/div>\n\t\t\t\t<div class=\"elementor-column elementor-col-33 elementor-top-column elementor-element elementor-element-5acc6389\" data-id=\"5acc6389\" data-element_type=\"column\" data-settings=\"{&quot;background_background&quot;:&quot;classic&quot;}\">\n\t\t\t<div class=\"elementor-widget-wrap elementor-element-populated\">\n\t\t\t\t\t\t<div class=\"elementor-element elementor-element-d4ef017 elementor-widget elementor-widget-image\" data-id=\"d4ef017\" data-element_type=\"widget\" data-widget_type=\"image.default\">\n\t\t\t\t<div class=\"elementor-widget-container\">\n\t\t\t\t\t\t\t\t\t\t\t\t\t\t\t<img decoding=\"async\" width=\"1024\" height=\"768\" src=\"https:\/\/www.pmsafed.be\/wp-content\/uploads\/2021\/03\/DSCN7877-1024x768.jpg\" class=\"attachment-large size-large wp-image-2816\" alt=\"\" srcset=\"https:\/\/www.pmsafed.be\/wp-content\/uploads\/2021\/03\/DSCN7877-1024x768.jpg 1024w, https:\/\/www.pmsafed.be\/wp-content\/uploads\/2021\/03\/DSCN7877-300x225.jpg 300w, https:\/\/www.pmsafed.be\/wp-content\/uploads\/2021\/03\/DSCN7877-768x576.jpg 768w, https:\/\/www.pmsafed.be\/wp-content\/uploads\/2021\/03\/DSCN7877-1536x1152.jpg 1536w, https:\/\/www.pmsafed.be\/wp-content\/uploads\/2021\/03\/DSCN7877-2048x1536.jpg 2048w, https:\/\/www.pmsafed.be\/wp-content\/uploads\/2021\/03\/DSCN7877-600x450.jpg 600w\" sizes=\"(max-width: 1024px) 100vw, 1024px\" \/>\t\t\t\t\t\t\t\t\t\t\t\t\t\t\t<\/div>\n\t\t\t\t<\/div>\n\t\t\t\t<div class=\"elementor-element elementor-element-3ffbc14 elementor-widget elementor-widget-heading\" data-id=\"3ffbc14\" data-element_type=\"widget\" data-widget_type=\"heading.default\">\n\t\t\t\t<div class=\"elementor-widget-container\">\n\t\t\t\t\t<h3 class=\"elementor-heading-title elementor-size-large\">Contactez-nous<\/h3>\t\t\t\t<\/div>\n\t\t\t\t<\/div>\n\t\t\t\t<div class=\"elementor-element elementor-element-3fb4ab49 elementor-widget elementor-widget-text-editor\" data-id=\"3fb4ab49\" data-element_type=\"widget\" data-widget_type=\"text-editor.default\">\n\t\t\t\t<div class=\"elementor-widget-container\">\n\t\t\t\t\t\t\t\t\t<p>Vous avez des questions sp\u00e9cifiques \u00e0 nous poser ou vous souhaitez conna\u00eetre nos coordonn\u00e9es ? Ici vous pouvez les trouver.<\/p>\t\t\t\t\t\t\t\t<\/div>\n\t\t\t\t<\/div>\n\t\t\t\t<div class=\"elementor-element elementor-element-6ff1e728 elementor-align-center elementor-widget elementor-widget-button\" data-id=\"6ff1e728\" data-element_type=\"widget\" data-widget_type=\"button.default\">\n\t\t\t\t<div class=\"elementor-widget-container\">\n\t\t\t\t\t\t\t\t\t<div class=\"elementor-button-wrapper\">\n\t\t\t\t\t<a class=\"elementor-button elementor-button-link elementor-size-sm\" href=\"#\">\n\t\t\t\t\t\t<span class=\"elementor-button-content-wrapper\">\n\t\t\t\t\t\t\t\t\t<span class=\"elementor-button-text\">Plus d&#039;infos<\/span>\n\t\t\t\t\t<\/span>\n\t\t\t\t\t<\/a>\n\t\t\t\t<\/div>\n\t\t\t\t\t\t\t\t<\/div>\n\t\t\t\t<\/div>\n\t\t\t\t\t<\/div>\n\t\t<\/div>\n\t\t\t\t<div class=\"elementor-column elementor-col-33 elementor-top-column elementor-element elementor-element-15c45fc4\" data-id=\"15c45fc4\" data-element_type=\"column\" data-settings=\"{&quot;background_background&quot;:&quot;classic&quot;}\">\n\t\t\t<div class=\"elementor-widget-wrap elementor-element-populated\">\n\t\t\t\t\t\t<div class=\"elementor-element elementor-element-f4cbe99 elementor-widget elementor-widget-image\" data-id=\"f4cbe99\" data-element_type=\"widget\" data-widget_type=\"image.default\">\n\t\t\t\t<div class=\"elementor-widget-container\">\n\t\t\t\t\t\t\t\t\t\t\t\t\t\t\t<img decoding=\"async\" src=\"https:\/\/www.pmsafed.be\/wp-content\/uploads\/elementor\/thumbs\/DSCN7697-scaled-ovjpmozilxs2cdg0fjbqxkrgfwnh2uys8sqf79noko.jpg\" title=\"DSCN7697\" alt=\"DSCN7697\" loading=\"lazy\" \/>\t\t\t\t\t\t\t\t\t\t\t\t\t\t\t<\/div>\n\t\t\t\t<\/div>\n\t\t\t\t<div class=\"elementor-element elementor-element-68d5874 elementor-widget elementor-widget-heading\" data-id=\"68d5874\" data-element_type=\"widget\" data-widget_type=\"heading.default\">\n\t\t\t\t<div class=\"elementor-widget-container\">\n\t\t\t\t\t<h3 class=\"elementor-heading-title elementor-size-large\">Base de connaissances<\/h3>\t\t\t\t<\/div>\n\t\t\t\t<\/div>\n\t\t\t\t<div class=\"elementor-element elementor-element-60d4230e elementor-widget elementor-widget-text-editor\" data-id=\"60d4230e\" data-element_type=\"widget\" data-widget_type=\"text-editor.default\">\n\t\t\t\t<div class=\"elementor-widget-container\">\n\t\t\t\t\t\t\t\t\t<p>Toutes les r\u00e9ponses \u00e0 presque toutes les questions que vous pourriez vous poser. Recherchez-les dans la base de connaissances PMSA<\/p>\t\t\t\t\t\t\t\t<\/div>\n\t\t\t\t<\/div>\n\t\t\t\t<div class=\"elementor-element elementor-element-2f4f70c8 elementor-align-center elementor-widget elementor-widget-button\" data-id=\"2f4f70c8\" data-element_type=\"widget\" data-widget_type=\"button.default\">\n\t\t\t\t<div class=\"elementor-widget-container\">\n\t\t\t\t\t\t\t\t\t<div class=\"elementor-button-wrapper\">\n\t\t\t\t\t<a class=\"elementor-button elementor-button-link elementor-size-sm\" href=\"https:\/\/www.pmsafed.be\/fr\/knowledge-base\/\">\n\t\t\t\t\t\t<span class=\"elementor-button-content-wrapper\">\n\t\t\t\t\t\t\t\t\t<span class=\"elementor-button-text\">Plus d&#039;infos<\/span>\n\t\t\t\t\t<\/span>\n\t\t\t\t\t<\/a>\n\t\t\t\t<\/div>\n\t\t\t\t\t\t\t\t<\/div>\n\t\t\t\t<\/div>\n\t\t\t\t\t<\/div>\n\t\t<\/div>\n\t\t\t\t\t<\/div>\n\t\t<\/section>\n\t\t\t\t<section class=\"elementor-section elementor-top-section elementor-element elementor-element-6b1a064 elementor-section-boxed elementor-section-height-default elementor-section-height-default\" data-id=\"6b1a064\" data-element_type=\"section\">\n\t\t\t\t\t\t<div class=\"elementor-container elementor-column-gap-default\">\n\t\t\t\t\t<div class=\"elementor-column elementor-col-100 elementor-top-column elementor-element elementor-element-9c9c8ff\" data-id=\"9c9c8ff\" data-element_type=\"column\">\n\t\t\t<div class=\"elementor-widget-wrap elementor-element-populated\">\n\t\t\t\t\t\t<div class=\"elementor-element elementor-element-fe270dd elementor-widget elementor-widget-spacer\" data-id=\"fe270dd\" data-element_type=\"widget\" data-widget_type=\"spacer.default\">\n\t\t\t\t<div class=\"elementor-widget-container\">\n\t\t\t\t\t\t\t<div class=\"elementor-spacer\">\n\t\t\t<div class=\"elementor-spacer-inner\"><\/div>\n\t\t<\/div>\n\t\t\t\t\t\t<\/div>\n\t\t\t\t<\/div>\n\t\t\t\t\t<\/div>\n\t\t<\/div>\n\t\t\t\t\t<\/div>\n\t\t<\/section>\n\t\t\t\t<\/div>","protected":false},"excerpt":{"rendered":"<p>Informations Num\u00e9ro d&#039;\u00e9cran de commande Pour les membres PMSA, nous offrons la possibilit\u00e9 de commander un autocollant d&#039;enregistrement pour votre \u00e9cran. Apr\u00e8s avoir compl\u00e9t\u00e9 le bouton ci-dessus, vous le recevrez chez vous de la part de PMSA. Livraison gratuite en Belgique, 10 euros de frais de port \u00e0 l&#039;\u00e9tranger. T\u00e9l\u00e9chargements T\u00e9l\u00e9chargez tous les r\u00e8glements, l&#039;arr\u00eat\u00e9 royal et les documents pour [\u2026]<\/p>","protected":false},"author":7,"featured_media":0,"parent":0,"menu_order":0,"comment_status":"closed","ping_status":"closed","template":"","meta":{"_acf_changed":false,"_exactmetrics_skip_tracking":false,"_exactmetrics_sitenote_active":false,"_exactmetrics_sitenote_note":"","_exactmetrics_sitenote_category":0,"ocean_post_layout":"full-width","ocean_both_sidebars_style":"","ocean_both_sidebars_content_width":0,"ocean_both_sidebars_sidebars_width":0,"ocean_sidebar":"0","ocean_second_sidebar":"0","ocean_disable_margins":"on","ocean_add_body_class":"","ocean_shortcode_before_top_bar":"","ocean_shortcode_after_top_bar":"","ocean_shortcode_before_header":"","ocean_shortcode_after_header":"","ocean_has_shortcode":"","ocean_shortcode_after_title":"","ocean_shortcode_before_footer_widgets":"","ocean_shortcode_after_footer_widgets":"","ocean_shortcode_before_footer_bottom":"","ocean_shortcode_after_footer_bottom":"","ocean_display_top_bar":"off","ocean_display_header":"default","ocean_header_style":"","ocean_center_header_left_menu":"0","ocean_custom_header_template":"0","ocean_custom_logo":0,"ocean_custom_retina_logo":0,"ocean_custom_logo_max_width":0,"ocean_custom_logo_tablet_max_width":0,"ocean_custom_logo_mobile_max_width":0,"ocean_custom_logo_max_height":0,"ocean_custom_logo_tablet_max_height":0,"ocean_custom_logo_mobile_max_height":0,"ocean_header_custom_menu":"0","ocean_menu_typo_font_family":"0","ocean_menu_typo_font_subset":"","ocean_menu_typo_font_size":0,"ocean_menu_typo_font_size_tablet":0,"ocean_menu_typo_font_size_mobile":0,"ocean_menu_typo_font_size_unit":"px","ocean_menu_typo_font_weight":"","ocean_menu_typo_font_weight_tablet":"","ocean_menu_typo_font_weight_mobile":"","ocean_menu_typo_transform":"","ocean_menu_typo_transform_tablet":"","ocean_menu_typo_transform_mobile":"","ocean_menu_typo_line_height":0,"ocean_menu_typo_line_height_tablet":0,"ocean_menu_typo_line_height_mobile":0,"ocean_menu_typo_line_height_unit":"","ocean_menu_typo_spacing":0,"ocean_menu_typo_spacing_tablet":0,"ocean_menu_typo_spacing_mobile":0,"ocean_menu_typo_spacing_unit":"","ocean_menu_link_color":"","ocean_menu_link_color_hover":"","ocean_menu_link_color_active":"","ocean_menu_link_background":"","ocean_menu_link_hover_background":"","ocean_menu_link_active_background":"","ocean_menu_social_links_bg":"","ocean_menu_social_hover_links_bg":"","ocean_menu_social_links_color":"","ocean_menu_social_hover_links_color":"","ocean_disable_title":"on","ocean_disable_heading":"default","ocean_post_title":"","ocean_post_subheading":"","ocean_post_title_style":"","ocean_post_title_background_color":"","ocean_post_title_background":0,"ocean_post_title_bg_image_position":"","ocean_post_title_bg_image_attachment":"","ocean_post_title_bg_image_repeat":"","ocean_post_title_bg_image_size":"","ocean_post_title_height":0,"ocean_post_title_bg_overlay":0.5,"ocean_post_title_bg_overlay_color":"","ocean_disable_breadcrumbs":"off","ocean_breadcrumbs_color":"","ocean_breadcrumbs_separator_color":"","ocean_breadcrumbs_links_color":"","ocean_breadcrumbs_links_hover_color":"","ocean_display_footer_widgets":"default","ocean_display_footer_bottom":"default","ocean_custom_footer_template":"0","footnotes":""},"acf":[],"yoast_head":"<!-- This site is optimized with the Yoast SEO plugin v24.5 - https:\/\/yoast.com\/wordpress\/plugins\/seo\/ -->\n<title>Informatie - PMSA<\/title>\n<meta name=\"robots\" content=\"index, follow, max-snippet:-1, max-image-preview:large, max-video-preview:-1\" \/>\n<link rel=\"canonical\" href=\"https:\/\/www.pmsafed.be\/fr\/informatie\/\" \/>\n<meta property=\"og:locale\" content=\"fr_FR\" \/>\n<meta property=\"og:type\" content=\"article\" \/>\n<meta property=\"og:title\" content=\"Informatie - PMSA\" \/>\n<meta property=\"og:description\" content=\"Informatie Schermnummer bestellen Voor de leden van PMSA bieden wij de mogelijkheid om een registratiesticker voor je scherm te bestellen voor je scherm. Na het invullen van hogervermelde knop krijg je deze thuis gestuurd door PMSA. Gratis verzonden binnen Belgie, 10 euro verzendkosten buitenland. Downloads Download alle reglementeringen, het KB, en documenten om je terrein [&hellip;]\" \/>\n<meta property=\"og:url\" content=\"https:\/\/www.pmsafed.be\/fr\/informatie\/\" \/>\n<meta property=\"og:site_name\" content=\"PMSA\" \/>\n<meta property=\"article:publisher\" content=\"https:\/\/www.facebook.com\/PMSA-ParaMotor-Sports-Federation-103045967991482\/\" \/>\n<meta property=\"article:modified_time\" content=\"2024-02-29T13:25:09+00:00\" \/>\n<meta property=\"og:image\" content=\"https:\/\/www.pmsafed.be\/wp-content\/uploads\/2020\/05\/DSCN8702-1024x676.jpg\" \/>\n<meta name=\"twitter:card\" content=\"summary_large_image\" \/>\n<meta name=\"twitter:label1\" content=\"Dur\u00e9e de lecture est.\" \/>\n\t<meta name=\"twitter:data1\" content=\"2 minutes\" \/>\n<script type=\"application\/ld+json\" class=\"yoast-schema-graph\">{\"@context\":\"https:\/\/schema.org\",\"@graph\":[{\"@type\":\"WebPage\",\"@id\":\"https:\/\/www.pmsafed.be\/informatie\/\",\"url\":\"https:\/\/www.pmsafed.be\/informatie\/\",\"name\":\"Informatie - PMSA\",\"isPartOf\":{\"@id\":\"https:\/\/www.pmsafed.be\/#website\"},\"primaryImageOfPage\":{\"@id\":\"https:\/\/www.pmsafed.be\/informatie\/#primaryimage\"},\"image\":{\"@id\":\"https:\/\/www.pmsafed.be\/informatie\/#primaryimage\"},\"thumbnailUrl\":\"https:\/\/www.pmsafed.be\/wp-content\/uploads\/2020\/05\/DSCN8702-1024x676.jpg\",\"datePublished\":\"2018-11-22T11:29:54+00:00\",\"dateModified\":\"2024-02-29T13:25:09+00:00\",\"breadcrumb\":{\"@id\":\"https:\/\/www.pmsafed.be\/informatie\/#breadcrumb\"},\"inLanguage\":\"fr-BE\",\"potentialAction\":[{\"@type\":\"ReadAction\",\"target\":[\"https:\/\/www.pmsafed.be\/informatie\/\"]}]},{\"@type\":\"ImageObject\",\"inLanguage\":\"fr-BE\",\"@id\":\"https:\/\/www.pmsafed.be\/informatie\/#primaryimage\",\"url\":\"https:\/\/www.pmsafed.be\/wp-content\/uploads\/2020\/05\/DSCN8702-1024x676.jpg\",\"contentUrl\":\"https:\/\/www.pmsafed.be\/wp-content\/uploads\/2020\/05\/DSCN8702-1024x676.jpg\"},{\"@type\":\"BreadcrumbList\",\"@id\":\"https:\/\/www.pmsafed.be\/informatie\/#breadcrumb\",\"itemListElement\":[{\"@type\":\"ListItem\",\"position\":1,\"name\":\"Home\",\"item\":\"https:\/\/www.pmsafed.be\/\"},{\"@type\":\"ListItem\",\"position\":2,\"name\":\"Informatie\"}]},{\"@type\":\"WebSite\",\"@id\":\"https:\/\/www.pmsafed.be\/#website\",\"url\":\"https:\/\/www.pmsafed.be\/\",\"name\":\"PMSA\",\"description\":\"Paramotor\",\"publisher\":{\"@id\":\"https:\/\/www.pmsafed.be\/#organization\"},\"potentialAction\":[{\"@type\":\"SearchAction\",\"target\":{\"@type\":\"EntryPoint\",\"urlTemplate\":\"https:\/\/www.pmsafed.be\/?s={search_term_string}\"},\"query-input\":{\"@type\":\"PropertyValueSpecification\",\"valueRequired\":true,\"valueName\":\"search_term_string\"}}],\"inLanguage\":\"fr-BE\"},{\"@type\":\"Organization\",\"@id\":\"https:\/\/www.pmsafed.be\/#organization\",\"name\":\"Paramotor Sports Federation VZW\",\"url\":\"https:\/\/www.pmsafed.be\/\",\"logo\":{\"@type\":\"ImageObject\",\"inLanguage\":\"fr-BE\",\"@id\":\"https:\/\/www.pmsafed.be\/#\/schema\/logo\/image\/\",\"url\":\"https:\/\/www.pmsafed.be\/wp-content\/uploads\/2020\/09\/PMSA-kleur.png\",\"contentUrl\":\"https:\/\/www.pmsafed.be\/wp-content\/uploads\/2020\/09\/PMSA-kleur.png\",\"width\":1515,\"height\":948,\"caption\":\"Paramotor Sports Federation VZW\"},\"image\":{\"@id\":\"https:\/\/www.pmsafed.be\/#\/schema\/logo\/image\/\"},\"sameAs\":[\"https:\/\/www.facebook.com\/PMSA-ParaMotor-Sports-Federation-103045967991482\/\"]}]}<\/script>\n<!-- \/ Yoast SEO plugin. -->","yoast_head_json":{"title":"Informatie - PMSA","robots":{"index":"index","follow":"follow","max-snippet":"max-snippet:-1","max-image-preview":"max-image-preview:large","max-video-preview":"max-video-preview:-1"},"canonical":"https:\/\/www.pmsafed.be\/fr\/informatie\/","og_locale":"fr_FR","og_type":"article","og_title":"Informatie - PMSA","og_description":"Informatie Schermnummer bestellen Voor de leden van PMSA bieden wij de mogelijkheid om een registratiesticker voor je scherm te bestellen voor je scherm. Na het invullen van hogervermelde knop krijg je deze thuis gestuurd door PMSA. Gratis verzonden binnen Belgie, 10 euro verzendkosten buitenland. Downloads Download alle reglementeringen, het KB, en documenten om je terrein [&hellip;]","og_url":"https:\/\/www.pmsafed.be\/fr\/informatie\/","og_site_name":"PMSA","article_publisher":"https:\/\/www.facebook.com\/PMSA-ParaMotor-Sports-Federation-103045967991482\/","article_modified_time":"2024-02-29T13:25:09+00:00","og_image":[{"url":"https:\/\/www.pmsafed.be\/wp-content\/uploads\/2020\/05\/DSCN8702-1024x676.jpg","type":"","width":"","height":""}],"twitter_card":"summary_large_image","twitter_misc":{"Dur\u00e9e de lecture est.":"2 minutes"},"schema":{"@context":"https:\/\/schema.org","@graph":[{"@type":"WebPage","@id":"https:\/\/www.pmsafed.be\/informatie\/","url":"https:\/\/www.pmsafed.be\/informatie\/","name":"Informatie - PMSA","isPartOf":{"@id":"https:\/\/www.pmsafed.be\/#website"},"primaryImageOfPage":{"@id":"https:\/\/www.pmsafed.be\/informatie\/#primaryimage"},"image":{"@id":"https:\/\/www.pmsafed.be\/informatie\/#primaryimage"},"thumbnailUrl":"https:\/\/www.pmsafed.be\/wp-content\/uploads\/2020\/05\/DSCN8702-1024x676.jpg","datePublished":"2018-11-22T11:29:54+00:00","dateModified":"2024-02-29T13:25:09+00:00","breadcrumb":{"@id":"https:\/\/www.pmsafed.be\/informatie\/#breadcrumb"},"inLanguage":"fr-BE","potentialAction":[{"@type":"ReadAction","target":["https:\/\/www.pmsafed.be\/informatie\/"]}]},{"@type":"ImageObject","inLanguage":"fr-BE","@id":"https:\/\/www.pmsafed.be\/informatie\/#primaryimage","url":"https:\/\/www.pmsafed.be\/wp-content\/uploads\/2020\/05\/DSCN8702-1024x676.jpg","contentUrl":"https:\/\/www.pmsafed.be\/wp-content\/uploads\/2020\/05\/DSCN8702-1024x676.jpg"},{"@type":"BreadcrumbList","@id":"https:\/\/www.pmsafed.be\/informatie\/#breadcrumb","itemListElement":[{"@type":"ListItem","position":1,"name":"Home","item":"https:\/\/www.pmsafed.be\/"},{"@type":"ListItem","position":2,"name":"Informatie"}]},{"@type":"WebSite","@id":"https:\/\/www.pmsafed.be\/#website","url":"https:\/\/www.pmsafed.be\/","name":"PMSA","description":"Paramotor","publisher":{"@id":"https:\/\/www.pmsafed.be\/#organization"},"potentialAction":[{"@type":"SearchAction","target":{"@type":"EntryPoint","urlTemplate":"https:\/\/www.pmsafed.be\/?s={search_term_string}"},"query-input":{"@type":"PropertyValueSpecification","valueRequired":true,"valueName":"search_term_string"}}],"inLanguage":"fr-BE"},{"@type":"Organization","@id":"https:\/\/www.pmsafed.be\/#organization","name":"Paramotor Sports Federation VZW","url":"https:\/\/www.pmsafed.be\/","logo":{"@type":"ImageObject","inLanguage":"fr-BE","@id":"https:\/\/www.pmsafed.be\/#\/schema\/logo\/image\/","url":"https:\/\/www.pmsafed.be\/wp-content\/uploads\/2020\/09\/PMSA-kleur.png","contentUrl":"https:\/\/www.pmsafed.be\/wp-content\/uploads\/2020\/09\/PMSA-kleur.png","width":1515,"height":948,"caption":"Paramotor Sports Federation VZW"},"image":{"@id":"https:\/\/www.pmsafed.be\/#\/schema\/logo\/image\/"},"sameAs":["https:\/\/www.facebook.com\/PMSA-ParaMotor-Sports-Federation-103045967991482\/"]}]}},"_links":{"self":[{"href":"https:\/\/www.pmsafed.be\/fr\/wp-json\/wp\/v2\/pages\/26"}],"collection":[{"href":"https:\/\/www.pmsafed.be\/fr\/wp-json\/wp\/v2\/pages"}],"about":[{"href":"https:\/\/www.pmsafed.be\/fr\/wp-json\/wp\/v2\/types\/page"}],"author":[{"embeddable":true,"href":"https:\/\/www.pmsafed.be\/fr\/wp-json\/wp\/v2\/users\/7"}],"replies":[{"embeddable":true,"href":"https:\/\/www.pmsafed.be\/fr\/wp-json\/wp\/v2\/comments?post=26"}],"version-history":[{"count":85,"href":"https:\/\/www.pmsafed.be\/fr\/wp-json\/wp\/v2\/pages\/26\/revisions"}],"predecessor-version":[{"id":3979,"href":"https:\/\/www.pmsafed.be\/fr\/wp-json\/wp\/v2\/pages\/26\/revisions\/3979"}],"wp:attachment":[{"href":"https:\/\/www.pmsafed.be\/fr\/wp-json\/wp\/v2\/media?parent=26"}],"curies":[{"name":"wp","href":"https:\/\/api.w.org\/{rel}","templated":true}]}}